{"id":384,"date":"2017-09-20T20:37:10","date_gmt":"2017-09-20T19:37:10","guid":{"rendered":"http:\/\/celsus-international.com\/?page_id=384"},"modified":"2017-09-20T21:31:47","modified_gmt":"2017-09-20T20:31:47","slug":"technische-naturwissenschaftliche-uebersetzungen","status":"publish","type":"page","link":"https:\/\/celsus-international.com\/?page_id=384&lang=de","title":{"rendered":"Technische &#038; Naturwissenschaftliche \u00dcbersetzungen"},"content":{"rendered":"<p>Celsus International arbeitet ausschliesslich mit der Firma <a href=\"http:\/\/www.braingeneering.com\">Braingeneering GmbH<\/a> zusammen, die nachweislich fundierte Kenntnisse in vielen technischen und naturwissenschaftlichen Fachgebieten besitzen. Die verf\u00fcgen \u00fcber relevante Arbeitserfahrung, beispielsweise als <a href=\"http:\/\/www.braingeneering.com\">promovierter Physiker, Ingenieur oder Programmierer<\/a>. Erfahrungen reichen hier von den \u00dcbersetzungen von technischen Anleitungen bis hin zu Fachartikeln in Neuro-Wissenschaften.<\/p>\n<p>Nat\u00fcrlich k\u00f6nnen Sie uns auch Ihre eigenen Terminologielisten vorlegen. Wir speichern Ihre bevorzugten Fachausdr\u00fccke dann in einer Terminologiedatenbank.<\/p>\n<p>Der Fortschritt Ihres Auftrags wird streng \u00fcberwacht.\u00a0F\u00fcr eventuelle Fragen und Kommentare steht Ihnen jederzeit ein fester Ansprechpartner zur Verf\u00fcgung.<\/p>\n<p>Und wenn Sie unerwarteterweise einmal mit einem Auftrag nicht zufrieden sein sollten, wird Ihre Beschwerde selbstverst\u00e4ndlich sehr ernst genommen und auf vollst\u00e4ndig transparente Weise bearbeitet.<\/p>\n<h3><strong>Streng vertraulich!<\/strong><\/h3>\n<p>Bei jedem \u00dcbersetzungsprojekt gilt f\u00fcr uns strenge Geheimhaltung. Wenn Sie zus\u00e4tzliche Sicherheit w\u00fcnschen, unterzeichnen wir gern eine von Ihnen erstellte\u00a0<a href=\"http:\/\/de.wikipedia.org\/wiki\/Geheimhaltungsvertrag\">Geheimhaltungserkl\u00e4rung<\/a> (Non-Disclosure Agreement, NDA). Hierzu stellen wir Ihnen auch gerne unsere Vorlage zur Verf\u00fcgung.<\/p>\n<div class=\"entry-content\">\n<h3>Fordern Sie unverbindlich unsere <a href=\"https:\/\/celsus-international.com\/?page_id=409&amp;lang=de&amp;preview=true\">Offerte<\/a> an.<\/h3>\n<\/div>\n","protected":false},"excerpt":{"rendered":"<p>Celsus International arbeitet ausschliesslich mit der Firma Braingeneering GmbH zusammen, die nachweislich fundierte Kenntnisse in vielen technischen und naturwissenschaftlichen Fachgebieten besitzen. Die verf\u00fcgen \u00fcber relevante Arbeitserfahrung, beispielsweise als promovierter Physiker, Ingenieur oder Programmierer. Erfahrungen reichen hier von den \u00dcbersetzungen von technischen Anleitungen bis hin zu Fachartikeln in Neuro-Wissenschaften. Nat\u00fcrlich k\u00f6nnen Sie uns auch Ihre eigenen&hellip; <br \/> <a class=\"read-more\" href=\"https:\/\/celsus-international.com\/?page_id=384&#038;lang=de\">Weiterlesen<\/a><\/p>\n","protected":false},"author":1,"featured_media":0,"parent":0,"menu_order":0,"comment_status":"closed","ping_status":"closed","template":"","meta":{"footnotes":""},"class_list":["post-384","page","type-page","status-publish","hentry"],"yoast_head":"<!-- This site is optimized with the Yoast SEO plugin v26.8 - https:\/\/yoast.com\/product\/yoast-seo-wordpress\/ -->\n<title>Technische &amp; Naturwissenschaftliche \u00dcbersetzungen &#8212; Vereidigte amtliche \u00dcbersetzung f\u00fcr T\u00fcrkisches Konsulat Z\u00fcrich &amp; Botschaft Bern<\/title>\n<meta name=\"robots\" content=\"index, follow, max-snippet:-1, max-image-preview:large, max-video-preview:-1\" \/>\n<link rel=\"canonical\" href=\"https:\/\/celsus-international.com\/?page_id=384&lang=de\" \/>\n<meta property=\"og:locale\" content=\"de_DE\" \/>\n<meta property=\"og:type\" content=\"article\" \/>\n<meta property=\"og:title\" content=\"Technische &amp; Naturwissenschaftliche \u00dcbersetzungen &#8212; Vereidigte amtliche \u00dcbersetzung f\u00fcr T\u00fcrkisches Konsulat Z\u00fcrich &amp; Botschaft Bern\" \/>\n<meta property=\"og:description\" content=\"Celsus International arbeitet ausschliesslich mit der Firma Braingeneering GmbH zusammen, die nachweislich fundierte Kenntnisse in vielen technischen und naturwissenschaftlichen Fachgebieten besitzen. Die verf\u00fcgen \u00fcber relevante Arbeitserfahrung, beispielsweise als promovierter Physiker, Ingenieur oder Programmierer. Erfahrungen reichen hier von den \u00dcbersetzungen von technischen Anleitungen bis hin zu Fachartikeln in Neuro-Wissenschaften. Nat\u00fcrlich k\u00f6nnen Sie uns auch Ihre eigenen&hellip; Weiterlesen\" \/>\n<meta property=\"og:url\" content=\"https:\/\/celsus-international.com\/?page_id=384&amp;lang=de\" \/>\n<meta property=\"og:site_name\" content=\"Vereidigte amtliche \u00dcbersetzung f\u00fcr T\u00fcrkisches Konsulat Z\u00fcrich &amp; Botschaft Bern\" \/>\n<meta property=\"article:publisher\" content=\"https:\/\/www.facebook.com\/Basel-Yeminli-Terc%c3%bcmani-Tuba-Demirbas-1398641860399380\/?ref=br_rs\" \/>\n<meta property=\"article:modified_time\" content=\"2017-09-20T20:31:47+00:00\" \/>\n<meta name=\"twitter:card\" content=\"summary_large_image\" \/>\n<meta name=\"twitter:site\" content=\"@Celsus_Int\" \/>\n<meta name=\"twitter:label1\" content=\"Gesch\u00e4tzte Lesezeit\" \/>\n\t<meta name=\"twitter:data1\" content=\"1\u00a0Minute\" \/>\n<script type=\"application\/ld+json\" class=\"yoast-schema-graph\">{\"@context\":\"https:\/\/schema.org\",\"@graph\":[{\"@type\":\"WebPage\",\"@id\":\"https:\/\/celsus-international.com\/?page_id=384&lang=de\",\"url\":\"https:\/\/celsus-international.com\/?page_id=384&lang=de\",\"name\":\"Technische & Naturwissenschaftliche \u00dcbersetzungen &#8212; Vereidigte amtliche \u00dcbersetzung f\u00fcr T\u00fcrkisches Konsulat Z\u00fcrich &amp; Botschaft Bern\",\"isPartOf\":{\"@id\":\"https:\/\/celsus-international.com\/#website\"},\"datePublished\":\"2017-09-20T19:37:10+00:00\",\"dateModified\":\"2017-09-20T20:31:47+00:00\",\"breadcrumb\":{\"@id\":\"https:\/\/celsus-international.com\/?page_id=384&lang=de#breadcrumb\"},\"inLanguage\":\"de\",\"potentialAction\":[{\"@type\":\"ReadAction\",\"target\":[\"https:\/\/celsus-international.com\/?page_id=384&lang=de\"]}]},{\"@type\":\"BreadcrumbList\",\"@id\":\"https:\/\/celsus-international.com\/?page_id=384&lang=de#breadcrumb\",\"itemListElement\":[{\"@type\":\"ListItem\",\"position\":1,\"name\":\"Home\",\"item\":\"https:\/\/celsus-international.com\/?page_id=49&lang=de\"},{\"@type\":\"ListItem\",\"position\":2,\"name\":\"Technische &#038; Naturwissenschaftliche \u00dcbersetzungen\"}]},{\"@type\":\"WebSite\",\"@id\":\"https:\/\/celsus-international.com\/#website\",\"url\":\"https:\/\/celsus-international.com\/\",\"name\":\"Vereidigte amtliche \u00dcbersetzung f\u00fcr T\u00fcrkisches Konsulat Z\u00fcrich &amp; Botschaft Bern\",\"description\":\"\",\"publisher\":{\"@id\":\"https:\/\/celsus-international.com\/#organization\"},\"potentialAction\":[{\"@type\":\"SearchAction\",\"target\":{\"@type\":\"EntryPoint\",\"urlTemplate\":\"https:\/\/celsus-international.com\/?s={search_term_string}\"},\"query-input\":{\"@type\":\"PropertyValueSpecification\",\"valueRequired\":true,\"valueName\":\"search_term_string\"}}],\"inLanguage\":\"de\"},{\"@type\":\"Organization\",\"@id\":\"https:\/\/celsus-international.com\/#organization\",\"name\":\"Celsus International GmbH\",\"url\":\"https:\/\/celsus-international.com\/\",\"logo\":{\"@type\":\"ImageObject\",\"inLanguage\":\"de\",\"@id\":\"https:\/\/celsus-international.com\/#\/schema\/logo\/image\/\",\"url\":\"https:\/\/celsus-international.com\/wp-content\/uploads\/2017\/06\/400dpiLogo.png\",\"contentUrl\":\"https:\/\/celsus-international.com\/wp-content\/uploads\/2017\/06\/400dpiLogo.png\",\"width\":2667,\"height\":1611,\"caption\":\"Celsus International GmbH\"},\"image\":{\"@id\":\"https:\/\/celsus-international.com\/#\/schema\/logo\/image\/\"},\"sameAs\":[\"https:\/\/www.facebook.com\/Basel-Yeminli-Terc\u00fcmani-Tuba-Demirbas-1398641860399380\/?ref=br_rs\",\"https:\/\/x.com\/Celsus_Int\",\"https:\/\/www.instagram.com\/celsus_international\/\"]}]}<\/script>\n<!-- \/ Yoast SEO plugin. -->","yoast_head_json":{"title":"Technische & Naturwissenschaftliche \u00dcbersetzungen &#8212; Vereidigte amtliche \u00dcbersetzung f\u00fcr T\u00fcrkisches Konsulat Z\u00fcrich &amp; Botschaft Bern","robots":{"index":"index","follow":"follow","max-snippet":"max-snippet:-1","max-image-preview":"max-image-preview:large","max-video-preview":"max-video-preview:-1"},"canonical":"https:\/\/celsus-international.com\/?page_id=384&lang=de","og_locale":"de_DE","og_type":"article","og_title":"Technische & Naturwissenschaftliche \u00dcbersetzungen &#8212; Vereidigte amtliche \u00dcbersetzung f\u00fcr T\u00fcrkisches Konsulat Z\u00fcrich &amp; Botschaft Bern","og_description":"Celsus International arbeitet ausschliesslich mit der Firma Braingeneering GmbH zusammen, die nachweislich fundierte Kenntnisse in vielen technischen und naturwissenschaftlichen Fachgebieten besitzen. Die verf\u00fcgen \u00fcber relevante Arbeitserfahrung, beispielsweise als promovierter Physiker, Ingenieur oder Programmierer. Erfahrungen reichen hier von den \u00dcbersetzungen von technischen Anleitungen bis hin zu Fachartikeln in Neuro-Wissenschaften. Nat\u00fcrlich k\u00f6nnen Sie uns auch Ihre eigenen&hellip; Weiterlesen","og_url":"https:\/\/celsus-international.com\/?page_id=384&lang=de","og_site_name":"Vereidigte amtliche \u00dcbersetzung f\u00fcr T\u00fcrkisches Konsulat Z\u00fcrich &amp; Botschaft Bern","article_publisher":"https:\/\/www.facebook.com\/Basel-Yeminli-Terc%c3%bcmani-Tuba-Demirbas-1398641860399380\/?ref=br_rs","article_modified_time":"2017-09-20T20:31:47+00:00","twitter_card":"summary_large_image","twitter_site":"@Celsus_Int","twitter_misc":{"Gesch\u00e4tzte Lesezeit":"1\u00a0Minute"},"schema":{"@context":"https:\/\/schema.org","@graph":[{"@type":"WebPage","@id":"https:\/\/celsus-international.com\/?page_id=384&lang=de","url":"https:\/\/celsus-international.com\/?page_id=384&lang=de","name":"Technische & Naturwissenschaftliche \u00dcbersetzungen &#8212; Vereidigte amtliche \u00dcbersetzung f\u00fcr T\u00fcrkisches Konsulat Z\u00fcrich &amp; Botschaft Bern","isPartOf":{"@id":"https:\/\/celsus-international.com\/#website"},"datePublished":"2017-09-20T19:37:10+00:00","dateModified":"2017-09-20T20:31:47+00:00","breadcrumb":{"@id":"https:\/\/celsus-international.com\/?page_id=384&lang=de#breadcrumb"},"inLanguage":"de","potentialAction":[{"@type":"ReadAction","target":["https:\/\/celsus-international.com\/?page_id=384&lang=de"]}]},{"@type":"BreadcrumbList","@id":"https:\/\/celsus-international.com\/?page_id=384&lang=de#breadcrumb","itemListElement":[{"@type":"ListItem","position":1,"name":"Home","item":"https:\/\/celsus-international.com\/?page_id=49&lang=de"},{"@type":"ListItem","position":2,"name":"Technische &#038; Naturwissenschaftliche \u00dcbersetzungen"}]},{"@type":"WebSite","@id":"https:\/\/celsus-international.com\/#website","url":"https:\/\/celsus-international.com\/","name":"Vereidigte amtliche \u00dcbersetzung f\u00fcr T\u00fcrkisches Konsulat Z\u00fcrich &amp; Botschaft Bern","description":"","publisher":{"@id":"https:\/\/celsus-international.com\/#organization"},"potentialAction":[{"@type":"SearchAction","target":{"@type":"EntryPoint","urlTemplate":"https:\/\/celsus-international.com\/?s={search_term_string}"},"query-input":{"@type":"PropertyValueSpecification","valueRequired":true,"valueName":"search_term_string"}}],"inLanguage":"de"},{"@type":"Organization","@id":"https:\/\/celsus-international.com\/#organization","name":"Celsus International GmbH","url":"https:\/\/celsus-international.com\/","logo":{"@type":"ImageObject","inLanguage":"de","@id":"https:\/\/celsus-international.com\/#\/schema\/logo\/image\/","url":"https:\/\/celsus-international.com\/wp-content\/uploads\/2017\/06\/400dpiLogo.png","contentUrl":"https:\/\/celsus-international.com\/wp-content\/uploads\/2017\/06\/400dpiLogo.png","width":2667,"height":1611,"caption":"Celsus International GmbH"},"image":{"@id":"https:\/\/celsus-international.com\/#\/schema\/logo\/image\/"},"sameAs":["https:\/\/www.facebook.com\/Basel-Yeminli-Terc\u00fcmani-Tuba-Demirbas-1398641860399380\/?ref=br_rs","https:\/\/x.com\/Celsus_Int","https:\/\/www.instagram.com\/celsus_international\/"]}]}},"_links":{"self":[{"href":"https:\/\/celsus-international.com\/index.php?rest_route=\/wp\/v2\/pages\/384","targetHints":{"allow":["GET"]}}],"collection":[{"href":"https:\/\/celsus-international.com\/index.php?rest_route=\/wp\/v2\/pages"}],"about":[{"href":"https:\/\/celsus-international.com\/index.php?rest_route=\/wp\/v2\/types\/page"}],"author":[{"embeddable":true,"href":"https:\/\/celsus-international.com\/index.php?rest_route=\/wp\/v2\/users\/1"}],"replies":[{"embeddable":true,"href":"https:\/\/celsus-international.com\/index.php?rest_route=%2Fwp%2Fv2%2Fcomments&post=384"}],"version-history":[{"count":4,"href":"https:\/\/celsus-international.com\/index.php?rest_route=\/wp\/v2\/pages\/384\/revisions"}],"predecessor-version":[{"id":414,"href":"https:\/\/celsus-international.com\/index.php?rest_route=\/wp\/v2\/pages\/384\/revisions\/414"}],"wp:attachment":[{"href":"https:\/\/celsus-international.com\/index.php?rest_route=%2Fwp%2Fv2%2Fmedia&parent=384"}],"curies":[{"name":"wp","href":"https:\/\/api.w.org\/{rel}","templated":true}]}}